{"id":1218,"date":"2026-03-26T05:41:19","date_gmt":"2026-03-26T05:41:19","guid":{"rendered":"https:\/\/artm.ro\/?page_id=1218"},"modified":"2026-04-12T14:11:36","modified_gmt":"2026-04-12T14:11:36","slug":"curs-facilitator-in-grafologie-evolutiva-a-desenului-online","status":"publish","type":"page","link":"https:\/\/artm.ro\/index.php\/curs-facilitator-in-grafologie-evolutiva-a-desenului-online\/","title":{"rendered":"Curs FORMARE \u00een GRAFOLOGIE EVOLUTIV\u0102 A DESENULUI-(online)"},"content":{"rendered":"<p>Primul CURS DE FORMARE ca FACILITATOR \u00ceN GRAFOLOGIE EVOLUTIV\u0102 ( educa\u021bional\u0103) a DESENULUI. (la copii si adolescen\u021bi).<\/p>\n<p>Destinatari: P\u0102RIN\u021aI, EDUCATORI, CONSILIERI, PSIHOLOGI, COACHI.<\/p>\n<p>Grafologia evolutiv\u0103 prin desen este o ramur\u0103 specializat\u0103 a grafologiei care studiaz\u0103 dezvoltarea psihosomatic\u0103 \u0219i a personalit\u0103\u021bii prin analiza evolu\u021biei actului grafic, de la primele m\u00e2zg\u0103leli p\u00e2n\u0103 la desenul structurat \u0219i scris.<\/p>\n<p>Spre deosebire de grafologia clasic\u0103 (axat\u0103 pe scrisul de m\u00e2n\u0103), cea evolutiv\u0103 folose\u0219te desenul ca un instrument de analiz\u0103 pentru a observa maturizarea cognitiv\u0103, afectiv\u0103 \u0219i motric\u0103, fiind esen\u021bial\u0103 \u00een special \u00een psihologia infantil\u0103.<\/p>\n<p>ASPECTELE CHEIE A GRAFOLOGIEI EVOLUTIVE:<\/p>\n<p>\u2705Unitatea psihosomatic\u0103: Investigheaz\u0103 leg\u0103tura dintre mi\u0219carea fizic\u0103 (traseul grafic) \u0219i starea psihologic\u0103 \u0219i motiva\u021bional\u0103 a celui care deseneaz\u0103.<\/p>\n<p>\u2705Etapele dezvolt\u0103rii: Urm\u0103re\u0219te progresia natural\u0103 de la simple mi\u0219c\u0103ri dinamice (3 ani) la reprezent\u0103ri grafice mai complexe (4 ani) \u0219i p\u00e2n\u0103 la reproducerea formelor geometrice (5-6 6 ani).<\/p>\n<p>\u2705Indicatori de personalitate: Analizeaz\u0103 presiunea, forma, dimensiunea \u0219i amplasarea elementelor \u00een pagin\u0103 pentru a identifica tr\u0103s\u0103turi de temperament, tensiuni interne sau nivelul de inteligen\u021b\u0103.<\/p>\n<p>\u2705Proiec\u021bie emo\u021bional\u0103: Desenul este considerat o form\u0103 de comunicare subcon\u0219tient\u0103.<\/p>\n<p>\ud83d\udcc5din 5 MAI MAR\u021aEA ORELE 20:00-22:00.<\/p>\n<p>\u231bDURATA: 6 luni<\/p>\n<p>\ud83d\udc6d GRUPA: 15 cursan\u021bi<\/p>\n<p>\ud83d\udcb3 Taxa lunar\u0103: 400 lei\/4 lec\u021bii<\/p>\n<p>(350 lei pentru cursan\u021bii sau absolven\u021bii ART-M \u00ae\ufe0f<\/p>\n<p>\u00censcrieri:<\/p>\n<p>Pasul 1:<\/p>\n<p>\u270f\ufe0fFormular de \u00eenscriere:<\/p>\n<p>https:\/\/forms.gle\/7hh9pftgCWbQRhnA9<\/p>\n<p>Pasul 2:<\/p>\n<p>\ud83d\udcb3Plata luna 1\/ modulul 1:<\/p>\n<blockquote class=\"wp-embedded-content\" data-secret=\"TR7VUleyof\"><p><a href=\"https:\/\/artm.ro\/index.php\/produs\/curs-de-grafologie-evolutiva-prin-desen\/\">CURS DE GRAFOLOGIE EVOLUTIV\u0102 PRIN DESEN( Zoom-live)<\/a><\/p><\/blockquote>\n<p><iframe loading=\"lazy\" class=\"wp-embedded-content\" sandbox=\"allow-scripts\" security=\"restricted\" style=\"position: absolute; visibility: hidden;\" title=\"&#8222;CURS DE GRAFOLOGIE EVOLUTIV\u0102 PRIN DESEN( Zoom-live)&#8221; &#8211; ART-M\u00ae\ufe0f\" src=\"https:\/\/artm.ro\/index.php\/produs\/curs-de-grafologie-evolutiva-prin-desen\/embed\/#?secret=t4IPRU6Sxn#?secret=TR7VUleyof\" data-secret=\"TR7VUleyof\" width=\"600\" height=\"338\" frameborder=\"0\" marginwidth=\"0\" marginheight=\"0\" scrolling=\"no\"><\/iframe><\/p>\n","protected":false},"excerpt":{"rendered":"<p>Primul CURS DE FORMARE ca FACILITATOR \u00ceN GRAFOLOGIE EVOLUTIV\u0102 ( educa\u021bional\u0103) a DESENULUI. (la copii si adolescen\u021bi). Destinatari: P\u0102RIN\u021aI, EDUCATORI, CONSILIERI, PSIHOLOGI, COACHI. Grafologia evolutiv\u0103 prin desen este o ramur\u0103 specializat\u0103 a grafologiei care studiaz\u0103 dezvoltarea psihosomatic\u0103 \u0219i a personalit\u0103\u021bii prin analiza evolu\u021biei actului grafic, de la primele m\u00e2zg\u0103leli p\u00e2n\u0103 la desenul structurat \u0219i scris&#8230;.<\/p>\n","protected":false},"author":1,"featured_media":1215,"parent":0,"menu_order":4,"comment_status":"closed","ping_status":"closed","template":"","meta":{"footnotes":""},"class_list":["post-1218","page","type-page","status-publish","has-post-thumbnail","hentry"],"jetpack_sharing_enabled":true,"_links":{"self":[{"href":"https:\/\/artm.ro\/index.php\/wp-json\/wp\/v2\/pages\/1218","targetHints":{"allow":["GET"]}}],"collection":[{"href":"https:\/\/artm.ro\/index.php\/wp-json\/wp\/v2\/pages"}],"about":[{"href":"https:\/\/artm.ro\/index.php\/wp-json\/wp\/v2\/types\/page"}],"author":[{"embeddable":true,"href":"https:\/\/artm.ro\/index.php\/wp-json\/wp\/v2\/users\/1"}],"replies":[{"embeddable":true,"href":"https:\/\/artm.ro\/index.php\/wp-json\/wp\/v2\/comments?post=1218"}],"version-history":[{"count":6,"href":"https:\/\/artm.ro\/index.php\/wp-json\/wp\/v2\/pages\/1218\/revisions"}],"predecessor-version":[{"id":1331,"href":"https:\/\/artm.ro\/index.php\/wp-json\/wp\/v2\/pages\/1218\/revisions\/1331"}],"wp:featuredmedia":[{"embeddable":true,"href":"https:\/\/artm.ro\/index.php\/wp-json\/wp\/v2\/media\/1215"}],"wp:attachment":[{"href":"https:\/\/artm.ro\/index.php\/wp-json\/wp\/v2\/media?parent=1218"}],"curies":[{"name":"wp","href":"https:\/\/api.w.org\/{rel}","templated":true}]}}