{"id":1277,"date":"2026-04-02T07:58:51","date_gmt":"2026-04-02T07:58:51","guid":{"rendered":"https:\/\/artm.ro\/?page_id=1277"},"modified":"2026-04-12T14:10:39","modified_gmt":"2026-04-12T14:10:39","slug":"cursuri-de-pictura-adulti-cluj-napoca","status":"publish","type":"page","link":"https:\/\/artm.ro\/index.php\/cursuri-de-pictura-adulti-cluj-napoca\/","title":{"rendered":"Curs de PICTUR\u0102 ADUL\u021aI"},"content":{"rendered":"<p>Asocia\u021bia Cultural\u0103 pentru Arte Plasticre \u0219i Muzic\u0103 \u201dART-M\u201d \u0219i CENTRUL DE FORMARE \u0218I MOTIVARE PRIN ART\u0102 \u201dART-M\u201d organizeaz\u0103 prezentul CURS DE PICTUR\u0102, de educa\u021bie non-formala, certificat\u0103 Art-M \u00ae\ufe0f<\/p>\n<p>Cursul se adreseaz\u0103 adul\u021bilor.<\/p>\n<p>Sco.pul principal al cursului este ca, \u00eentr-un climat personalizat pe competen\u021bele fiec\u0103rui cursant, cursul s\u0103 ofere tehnici profesioniste de desen \u0219i pictur\u0103.<\/p>\n<p>Totodat\u0103 cursul urm\u0103re\u0219te at\u00e2t exprimarea \u0219i dezvoltarea creativit\u0103\u021bii c\u00e2t \u0219i oferirea unui bagaj cultural artistic, \u00een\u021belegerea curentelor \u0219i stilurilor artistice.<\/p>\n<p>Cursul se desf\u0103\u0219oar\u0103 \u00een lec\u021bii s\u0103pt\u0103m\u00e2nale dup\u0103 programul fixat prin acest formular.<\/p>\n<p>Num\u0103rul standard de \u0219edin\u021be\/lec\u021bii este de 4 pe lun\u0103.<\/p>\n<p>Nu se vor \u021bine cursuri \u00een zilele \u0219i sarbatorile libere legale, stabilite prin lege.<\/p>\n<p>LOCA\u021aII ATELIER:<\/p>\n<p>Baia Mare: str. 22 Decembrie Nr 18, cam.8.<\/p>\n<p>Cluj-Napoca -centru str. Pite\u0219ti.<\/p>\n<p>Formular de \u00eenscriere:<\/p>\n<p><a href=\"https:\/\/forms.gle\/WBnhrJA6fm5LSF7v9\">https:\/\/forms.gle\/WBnhrJA6fm5LSF7v9<\/a><\/p>\n<p>&nbsp;<\/p>\n","protected":false},"excerpt":{"rendered":"<p>Asocia\u021bia Cultural\u0103 pentru Arte Plasticre \u0219i Muzic\u0103 \u201dART-M\u201d \u0219i CENTRUL DE FORMARE \u0218I MOTIVARE PRIN ART\u0102 \u201dART-M\u201d organizeaz\u0103 prezentul CURS DE PICTUR\u0102, de educa\u021bie non-formala, certificat\u0103 Art-M \u00ae\ufe0f Cursul se adreseaz\u0103 adul\u021bilor. Sco.pul principal al cursului este ca, \u00eentr-un climat personalizat pe competen\u021bele fiec\u0103rui cursant, cursul s\u0103 ofere tehnici profesioniste de desen \u0219i pictur\u0103. Totodat\u0103&#8230;<\/p>\n","protected":false},"author":1,"featured_media":1326,"parent":0,"menu_order":2,"comment_status":"closed","ping_status":"closed","template":"","meta":{"footnotes":""},"class_list":["post-1277","page","type-page","status-publish","has-post-thumbnail","hentry"],"jetpack_sharing_enabled":true,"_links":{"self":[{"href":"https:\/\/artm.ro\/index.php\/wp-json\/wp\/v2\/pages\/1277","targetHints":{"allow":["GET"]}}],"collection":[{"href":"https:\/\/artm.ro\/index.php\/wp-json\/wp\/v2\/pages"}],"about":[{"href":"https:\/\/artm.ro\/index.php\/wp-json\/wp\/v2\/types\/page"}],"author":[{"embeddable":true,"href":"https:\/\/artm.ro\/index.php\/wp-json\/wp\/v2\/users\/1"}],"replies":[{"embeddable":true,"href":"https:\/\/artm.ro\/index.php\/wp-json\/wp\/v2\/comments?post=1277"}],"version-history":[{"count":5,"href":"https:\/\/artm.ro\/index.php\/wp-json\/wp\/v2\/pages\/1277\/revisions"}],"predecessor-version":[{"id":1330,"href":"https:\/\/artm.ro\/index.php\/wp-json\/wp\/v2\/pages\/1277\/revisions\/1330"}],"wp:featuredmedia":[{"embeddable":true,"href":"https:\/\/artm.ro\/index.php\/wp-json\/wp\/v2\/media\/1326"}],"wp:attachment":[{"href":"https:\/\/artm.ro\/index.php\/wp-json\/wp\/v2\/media?parent=1277"}],"curies":[{"name":"wp","href":"https:\/\/api.w.org\/{rel}","templated":true}]}}