{"id":1292,"date":"2026-04-02T08:48:22","date_gmt":"2026-04-02T08:48:22","guid":{"rendered":"https:\/\/artm.ro\/?page_id=1292"},"modified":"2026-04-12T13:53:56","modified_gmt":"2026-04-12T13:53:56","slug":"curs-formare-in-metoda-art-m-in-art-terapie-cluj-napoca","status":"publish","type":"page","link":"https:\/\/artm.ro\/index.php\/curs-formare-in-metoda-art-m-in-art-terapie-cluj-napoca\/","title":{"rendered":"CURS FORMARE \u00een METODA ART-M\u00ae\ufe0f \u00een ART-TERAPIE"},"content":{"rendered":"<p>ASOCIA\u021aIA CULTURAL\u0102 PENTRU ARTE PLASTICE \u0218I MUZIC\u0102 \u201dART(M)\u00ae\ufe0f\u201d MARAMURE\u0218\u00a0 \u0219i CENTRUL DE FORMARE \u0218I MOTIVARE PRIN ART\u0102\u00a0 \u201dART-M\u201d organizeaz\u0103 sunt LICEN\u021aA ART(M)\u00ae\ufe0f prezentul CURS\u00a0 nonformal prin ART-TERAPIE, numit METODA ART-M\u00ae\ufe0f &#8222;Interpretarea emotionant\u0103 a desenului formei \u0219i culorii.&#8221;<\/p>\n<p>Formular de \u00eenscriere:<\/p>\n<p><a href=\"https:\/\/forms.gle\/wj3cwtqLpUS5xJxB7\">https:\/\/forms.gle\/wj3cwtqLpUS5xJxB7<\/a><\/p>\n<p>Terapia prin art\u0103 este o interven\u021bie terapeutic\u0103 mediat\u0103 de tehnici expresive, menit\u0103 s\u0103 redea starea de bine fizic\u0103, mental\u0103 \u0219i emotionala.<\/p>\n<p>Aceasta func\u021bioneaz\u0103 pe principiul c\u0103 exprimarea artistic\u0103 poate ajuta la rezolvarea conflictelor interioare, gestionarea comportamentelor \u0219i reducerea stresului.<\/p>\n<p>Aspecte esen\u021biale ale art-terapiei:<\/p>\n<p>Dincolo de cuvinte:\u00a0Este o metod\u0103 de comunicare simbolic\u0103, util\u0103 mai ales atunci c\u00e2nd emo\u021biile sunt prea complexe pentru a fi exprimate verbal.<\/p>\n<p>Nu necesit\u0103 talent:\u00a0Scopul nu este crearea unei opere de art\u0103 estetice, ci procesul de explorare \u0219i \u00een\u021belegere a propriilor tr\u0103iri.<\/p>\n<p>Tehnici utilizate:\u00a0Include activit\u0103\u021bi precum\u00a0pictura,\u00a0desenul,\u00a0modelajul \u00een lut,\u00a0colajul&#8230;<\/p>\n<p>Beneficii:\u00a0Ajut\u0103 la cre\u0219terea auto-stimei, dezvoltarea abilit\u0103\u021bilor sociale \u0219i procesarea traumelor.<\/p>\n<p>Aceast\u0103 form\u0103 de terapie este aplicat\u0103 pe scar\u0103 larg\u0103 at\u00e2t \u00een cazul copiilor, c\u00e2t \u0219i al adul\u021bilor care se confrunt\u0103 cu anxietate, depresie, PTSD sau tulbur\u0103ri din spectrul autist.<\/p>\n<p>Perioada de desf\u0103\u0219urare a cursului: MAI 2026- IANUARIE 2027<\/p>\n<p>CE REPREZINT\u0102 METODA ART(M)\u00ae\ufe0f prin ART-TERAPIE ( non clinic\u0103)?<\/p>\n<p>Reprezint\u0103 un set de discipline de studiu (auxiliare artei, psihologiei, filolosofiei \u0219i neuro\u0219tiin\u021belor)\u0219i un set de exerci\u021bii practice, (validate academic \u0219i prin experien\u021b\u0103 clinic\u0103), av\u00e2nd scopul final dob\u00e2ndirea unor competen\u021be reale de lecturare \u0219i interpretare emo\u021bional\u0103 a desenelor, formelor \u0219i culorilor.<\/p>\n<p>OB\u021aINEREA LICEN\u021aEI METODEI ART(M) \u00ae\ufe0f este \u00een c\u00e2mpul DEZVOLT\u0102RII PERSONALE \u0219i se realizeaz\u0103 prin parcurgerea integral\u0103 a form\u0103rii \u0219i sus\u021binerea testelor de evaluare.<\/p>\n<p>CURSUL NU PREVEDE OB\u021aINEREA DE CREDITE<\/p>\n<p>DESTINATARII FORM\u0102RII<\/p>\n<p>Programul de formare este destinat at\u00e2t\u00a0 consilierilor de dezvoltare personal\u0103, psihologilor, psihoterapeutilor, medicilor, asisten\u021bilor sociali, precum \u0219i altor licen\u021bia\u021bi, care doresc s\u0103 studieze \u0219i s\u0103 aprofundeze tehnicile de interpretare emo\u021bional\u0103 a desenului, formei \u0219i culorii, cu finalitate \u00een consiliere si autocunoa\u0219tere.<\/p>\n<p>Programul se adreseaz\u0103 persoanelor peste 22 de ani, cu studii de licen\u021b\u0103.<\/p>\n<p>DURATA FORM\u0102RII:<\/p>\n<p>9 luni\/ 36 de LEC\u021aII<\/p>\n<p>OBIECTIVELE FORM\u0102RII:<\/p>\n<p>Crearea de competen\u021be clare \u00een lectura si interpretarea emo\u021biilor rezultate din formele de exprimare artistic\u0103, dob\u00e2ndirea unei METODE EFICIENTE de operare cu arta, \u00een campul dezvolt\u0103rii persoanele, aplicabil\u0103 \u00een cabinetele de consilierilor de dezvoltare personala, cabinetele psihologilor scolari, centrelor de v\u00e2rstnici etc.<\/p>\n<p>STRUCTURA FORM\u0102RII ONLINE:<\/p>\n<p>Programul form\u0103rii are dou\u0103 componente: UNA TEORETICA (50%) SI UNA PRACTICA (50%).<\/p>\n<p>O lec\u021bie de curs dureaza 2 ore\/ s\u0103pt\u0103m\u00e2na.<\/p>\n<p>Cursurile FIZICE se vor desf\u0103\u0219ura \u00een CLUJ-NAPOCA- Centru, in Atelierul ART-M, str. Pite\u0219ti.<\/p>\n<p>Cursul totalizeaz\u0103 36 de sesiuni de 2 ore\/ sesiune.<\/p>\n","protected":false},"excerpt":{"rendered":"<p>ASOCIA\u021aIA CULTURAL\u0102 PENTRU ARTE PLASTICE \u0218I MUZIC\u0102 \u201dART(M)\u00ae\ufe0f\u201d MARAMURE\u0218\u00a0 \u0219i CENTRUL DE FORMARE \u0218I MOTIVARE PRIN ART\u0102\u00a0 \u201dART-M\u201d organizeaz\u0103 sunt LICEN\u021aA ART(M)\u00ae\ufe0f prezentul CURS\u00a0 nonformal prin ART-TERAPIE, numit METODA ART-M\u00ae\ufe0f &#8222;Interpretarea emotionant\u0103 a desenului formei \u0219i culorii.&#8221; Formular de \u00eenscriere: https:\/\/forms.gle\/wj3cwtqLpUS5xJxB7 Terapia prin art\u0103 este o interven\u021bie terapeutic\u0103 mediat\u0103 de tehnici expresive, menit\u0103 s\u0103 redea&#8230;<\/p>\n","protected":false},"author":1,"featured_media":1326,"parent":0,"menu_order":3,"comment_status":"closed","ping_status":"closed","template":"","meta":{"footnotes":""},"class_list":["post-1292","page","type-page","status-publish","has-post-thumbnail","hentry"],"jetpack_sharing_enabled":true,"_links":{"self":[{"href":"https:\/\/artm.ro\/index.php\/wp-json\/wp\/v2\/pages\/1292","targetHints":{"allow":["GET"]}}],"collection":[{"href":"https:\/\/artm.ro\/index.php\/wp-json\/wp\/v2\/pages"}],"about":[{"href":"https:\/\/artm.ro\/index.php\/wp-json\/wp\/v2\/types\/page"}],"author":[{"embeddable":true,"href":"https:\/\/artm.ro\/index.php\/wp-json\/wp\/v2\/users\/1"}],"replies":[{"embeddable":true,"href":"https:\/\/artm.ro\/index.php\/wp-json\/wp\/v2\/comments?post=1292"}],"version-history":[{"count":7,"href":"https:\/\/artm.ro\/index.php\/wp-json\/wp\/v2\/pages\/1292\/revisions"}],"predecessor-version":[{"id":1327,"href":"https:\/\/artm.ro\/index.php\/wp-json\/wp\/v2\/pages\/1292\/revisions\/1327"}],"wp:featuredmedia":[{"embeddable":true,"href":"https:\/\/artm.ro\/index.php\/wp-json\/wp\/v2\/media\/1326"}],"wp:attachment":[{"href":"https:\/\/artm.ro\/index.php\/wp-json\/wp\/v2\/media?parent=1292"}],"curies":[{"name":"wp","href":"https:\/\/api.w.org\/{rel}","templated":true}]}}