{"id":41,"date":"2024-09-23T21:25:18","date_gmt":"2024-09-23T21:25:18","guid":{"rendered":"https:\/\/artm.ro\/?page_id=41"},"modified":"2026-04-02T08:14:32","modified_gmt":"2026-04-02T08:14:32","slug":"cursuri-de-desen-pictura-online","status":"publish","type":"page","link":"https:\/\/artm.ro\/index.php\/cursuri-de-desen-pictura-online\/","title":{"rendered":"CURSURI DE PICTUR\u0102- Baia Mare"},"content":{"rendered":"<p>Asocia\u021bia Cultural\u0103 pentru Arte Plastice \u0219i Muzic\u0103 \u201dART-M\u201d Maramure \u0219i CENTRUL DE FORMARE \u201dART-M\u201d reia tradi\u021bia CURSURILOR DE PICTUR\u0102, pentru copii \u0219i adul\u021bii, certificate Art-M \u00ae\ufe0f.<\/p>\n<p>Cursul se adreseaz\u0103 at\u00e2t copiilor c\u00e2t \u0219i adul\u021bilor, acesta fiind organizat pe grupe de v\u00e2rst\u0103.<\/p>\n<p>Scopul principal al cursului este studiul profesionist al desenului \u0219i picturii, \u00eentr-un climat personalizat pe competen\u021bele fiec\u0103rui cursant.<\/p>\n<p>Scopul urm\u0103re\u0219te at\u00e2t exprimarea \u0219i dezvoltarea creativit\u0103\u021bii la copii \u0219i adul\u021bi c\u00e2t \u0219i oferirea unui bagaj cultural artistic, \u00een\u021belegerea curentelor \u0219i stilurilor artistice.<\/p>\n<p>DESTINATARI:<\/p>\n<p>Copii: 7-13 ani ( grup\u0103 copii)<\/p>\n<p>Adolescen\u021bii \u0219i adul\u021bii: 14+ (grup\u0103 adul\u021bi)<\/p>\n<p>GRUPA COPII: (7-13 ani<\/p>\n<p>O lec\u021bie dureaz\u0103 90 de minute.<\/p>\n<p>Num\u0103rul maxim de copii \u00een grupa este de 10.<\/p>\n<p>Ziua cursului este VINEREA \u0219i S\u00c2MB\u0102TA, din 6 \u0219i 7 martie 2026, orele 14:30-16:00.<\/p>\n<p>Materialele sunt asigurate.<\/p>\n<p>Abonamentul lunar este de 300 lei \u0219i cuprinde 4 lec\u021bii\/sesiuni.<\/p>\n<p>GRUPA ADOLESCENTI SI ADULTI: (14 ani +)<\/p>\n<p>O lec\u021bie dureaz\u0103 2 ore.<\/p>\n<p>Num\u0103rul maxim de cursan\u021bi \u00een grupa este de 10.<\/p>\n<p>Ziua cursului este S\u00c2MB\u0102TA, din7\u00a0 martie 2026, orele 12:00-14:00.<\/p>\n<p>Materialele sunt asigurate.<\/p>\n<p>Abonamentul lunar este de 400 lei \u0219i cuprinde 4 lec\u021bii\/sesiuni.<\/p>\n<p>\u00censcrierea se face \u00een 2 PASI:<\/p>\n<p>PASUL 1:<\/p>\n<p>Completarea Formularului de \u00eenscriere:<\/p>\n<p><a href=\"https:\/\/forms.gle\/dX7LHYNwrE4vQ5aD6\">https:\/\/forms.gle\/dX7LHYNwrE4vQ5aD6<\/a><\/p>\n<p>PASUL 2: plata<\/p>\n<p>Grupa COPII: <a href=\"https:\/\/artm.ro\/index.php\/produs\/curs-de-pictura-pentru-copii-7-13-ani-baia-mare\/\">https:\/\/artm.ro\/index.php\/produs\/curs-de-pictura-pentru-copii-7-13-ani-baia-mare\/<\/a><\/p>\n<p>Grupa ADUL\u021aI:<a href=\"https:\/\/artm.ro\/index.php\/produs\/curs-de-pictura-pentru-adultii-baia-mare-din-6-martie-2026\/\">https:\/\/artm.ro\/index.php\/produs\/curs-de-pictura-pentru-adultii-baia-mare-din-6-martie-2026\/<\/a><\/p>\n","protected":false},"excerpt":{"rendered":"<p>Asocia\u021bia Cultural\u0103 pentru Arte Plastice \u0219i Muzic\u0103 \u201dART-M\u201d Maramure \u0219i CENTRUL DE FORMARE \u201dART-M\u201d reia tradi\u021bia CURSURILOR DE PICTUR\u0102, pentru copii \u0219i adul\u021bii, certificate Art-M \u00ae\ufe0f. Cursul se adreseaz\u0103 at\u00e2t copiilor c\u00e2t \u0219i adul\u021bilor, acesta fiind organizat pe grupe de v\u00e2rst\u0103. Scopul principal al cursului este studiul profesionist al desenului \u0219i picturii, \u00eentr-un climat personalizat&#8230;<\/p>\n","protected":false},"author":1,"featured_media":1167,"parent":0,"menu_order":5,"comment_status":"closed","ping_status":"closed","template":"","meta":{"footnotes":""},"class_list":["post-41","page","type-page","status-publish","has-post-thumbnail","hentry"],"jetpack_sharing_enabled":true,"_links":{"self":[{"href":"https:\/\/artm.ro\/index.php\/wp-json\/wp\/v2\/pages\/41","targetHints":{"allow":["GET"]}}],"collection":[{"href":"https:\/\/artm.ro\/index.php\/wp-json\/wp\/v2\/pages"}],"about":[{"href":"https:\/\/artm.ro\/index.php\/wp-json\/wp\/v2\/types\/page"}],"author":[{"embeddable":true,"href":"https:\/\/artm.ro\/index.php\/wp-json\/wp\/v2\/users\/1"}],"replies":[{"embeddable":true,"href":"https:\/\/artm.ro\/index.php\/wp-json\/wp\/v2\/comments?post=41"}],"version-history":[{"count":14,"href":"https:\/\/artm.ro\/index.php\/wp-json\/wp\/v2\/pages\/41\/revisions"}],"predecessor-version":[{"id":1285,"href":"https:\/\/artm.ro\/index.php\/wp-json\/wp\/v2\/pages\/41\/revisions\/1285"}],"wp:featuredmedia":[{"embeddable":true,"href":"https:\/\/artm.ro\/index.php\/wp-json\/wp\/v2\/media\/1167"}],"wp:attachment":[{"href":"https:\/\/artm.ro\/index.php\/wp-json\/wp\/v2\/media?parent=41"}],"curies":[{"name":"wp","href":"https:\/\/api.w.org\/{rel}","templated":true}]}}