{"id":1141,"date":"2026-02-22T13:27:14","date_gmt":"2026-02-22T13:27:14","guid":{"rendered":"https:\/\/artm.ro\/index.php\/produs\/curs-de-pictura-pentru-copii-7-13-ani-baia-mare\/"},"modified":"2026-04-03T10:53:23","modified_gmt":"2026-04-03T10:53:23","slug":"curs-de-pictura-pentru-copii-7-13-ani-baia-mare","status":"publish","type":"product","link":"https:\/\/artm.ro\/index.php\/produs\/curs-de-pictura-pentru-copii-7-13-ani-baia-mare\/","title":{"rendered":"CURS DE PICTUR\u0102 pentru copii (7-13 ani) BAIA MARE"},"content":{"rendered":"<p>\u00censcrierea complet\u0103 presupune doi pa\u0219i:<\/p>\n<p>PASUL 1:<\/p>\n<p>Completarea FORMULAR DE INSCRIERE:<\/p>\n<p><a href=\"https:\/\/forms.gle\/5gRsdoEPgrdDK2gG8\">https:\/\/forms.gle\/5gRsdoEPgrdDK2gG8<\/a><\/p>\n<p>PASUL 2;<\/p>\n<p>Plata cu cardul sau virament bancar.<\/p>\n<p>ORGANIZATORI:<\/p>\n<p>ASOCIA\u021aIA CULTURAL\u0102 PENTRU ARTE PLASTICE \u0218I MUZIC\u0102 \u201dART-M\u201d MARAMURE\u0218 \u0219i CENTRUL DE FORMARE \u201dART-M\u201d organizeaz\u0103 prezentul CURS DE PICTUR\u0102,prin educa\u021bie non-formala, certificat Art-M \u00ae\ufe0f.<\/p>\n<p>Cursul de fa\u021b\u0103 se adreseaz\u0103 copiilor cu v\u00e2rsta \u00eentre 7-13 ani.<\/p>\n<p>Scopul principal al cursului este studiul profesionist al desenului \u0219i picturii, \u00eentr-un climat personalizat pe competen\u021bele fiec\u0103rui cursant.<\/p>\n<p>Scopul urm\u0103re\u0219te at\u00e2t exprimarea \u0219i dezvoltarea creativit\u0103\u021bii la copii \u0219i adul\u021bi c\u00e2t \u0219i oferirea unui bagaj cultural artistic, \u00een\u021belegerea curentelor \u0219i stilurilor artistice.<\/p>\n<p>Cursul se desf\u0103\u0219oar\u0103 \u00een lec\u021bii s\u0103pt\u0103m\u00e2nale dup\u0103 programul fixat prin aceste formular.<\/p>\n<p>Num\u0103rul standard de \u0219edin\u021be\/lec\u021bii este de 4 pe lun\u0103.<\/p>\n<p>Nu se vor \u021bine cursuri \u00een zilele \u0219i sarbatorile libere legale, stabilite prin lege.<\/p>\n<p>DESTINATARI:<\/p>\n<p>Copii: 7-13 ani ( grup\u0103 copii)<\/p>\n<p>Adolescen\u021bii \u0219i adul\u021bii: 14+ (grup\u0103 adul\u021bi)<\/p>\n<p>GRUPA COPII: (7-13 ani<\/p>\n<p>O lec\u021bie dureaz\u0103 90 de minute.<\/p>\n<p>Num\u0103rul maxim de copii \u00een grupa este de 10.<\/p>\n<p>Ziua cursului este VINEREA orele 14:30-16:00.<\/p>\n<p>Materialele sunt asigurate.<\/p>\n<p>Abonamentul lunar este de 300 lei \u0219i cuprinde 4 lec\u021bii\/sesiuni.<\/p>\n","protected":false},"excerpt":{"rendered":"<p>\u00censcrierea complet\u0103 presupune doi pa\u0219i: PASUL 1: Completarea FORMULAR DE INSCRIERE: https:\/\/forms.gle\/5gRsdoEPgrdDK2gG8 PASUL 2; Plata cu cardul sau virament bancar. ORGANIZATORI: ASOCIA\u021aIA CULTURAL\u0102 PENTRU ARTE PLASTICE \u0218I MUZIC\u0102 \u201dART-M\u201d MARAMURE\u0218 \u0219i CENTRUL DE FORMARE \u201dART-M\u201d organizeaz\u0103 prezentul CURS DE PICTUR\u0102,prin educa\u021bie non-formala, certificat Art-M \u00ae\ufe0f. Cursul de fa\u021b\u0103 se adreseaz\u0103 copiilor cu v\u00e2rsta \u00eentre 7-13&#8230;<\/p>\n","protected":false},"featured_media":1168,"template":"","meta":[],"product_brand":[],"product_cat":[16],"product_tag":[],"class_list":{"0":"post-1141","1":"product","2":"type-product","3":"status-publish","4":"has-post-thumbnail","6":"product_cat-fara-categorie","8":"first","9":"instock","10":"virtual","11":"purchasable","12":"product-type-simple"},"jetpack_sharing_enabled":true,"_links":{"self":[{"href":"https:\/\/artm.ro\/index.php\/wp-json\/wp\/v2\/product\/1141","targetHints":{"allow":["GET"]}}],"collection":[{"href":"https:\/\/artm.ro\/index.php\/wp-json\/wp\/v2\/product"}],"about":[{"href":"https:\/\/artm.ro\/index.php\/wp-json\/wp\/v2\/types\/product"}],"wp:featuredmedia":[{"embeddable":true,"href":"https:\/\/artm.ro\/index.php\/wp-json\/wp\/v2\/media\/1168"}],"wp:attachment":[{"href":"https:\/\/artm.ro\/index.php\/wp-json\/wp\/v2\/media?parent=1141"}],"wp:term":[{"taxonomy":"product_brand","embeddable":true,"href":"https:\/\/artm.ro\/index.php\/wp-json\/wp\/v2\/product_brand?post=1141"},{"taxonomy":"product_cat","embeddable":true,"href":"https:\/\/artm.ro\/index.php\/wp-json\/wp\/v2\/product_cat?post=1141"},{"taxonomy":"product_tag","embeddable":true,"href":"https:\/\/artm.ro\/index.php\/wp-json\/wp\/v2\/product_tag?post=1141"}],"curies":[{"name":"wp","href":"https:\/\/api.w.org\/{rel}","templated":true}]}}